{"id":68,"date":"2023-03-28T22:52:04","date_gmt":"2023-03-28T20:52:04","guid":{"rendered":"https:\/\/www.sophiejelger.fr\/?page_id=68"},"modified":"2025-07-10T16:52:46","modified_gmt":"2025-07-10T14:52:46","slug":"mes-realisations","status":"publish","type":"page","link":"https:\/\/www.sophiejelger.fr\/index.php\/mes-realisations\/","title":{"rendered":"Mes r\u00e9alisations"},"content":{"rendered":"\n<h2 class=\"wp-block-heading\">Avant \/ apr\u00e8s projet d\u00e9co<\/h2>\n\n\n\n<p>D\u00e9couvrez mon <a href=\"https:\/\/www.sophiejelger.fr\/index.php\/mes-realisations\/\" target=\"_blank\" rel=\"noreferrer noopener\">portfolio de r\u00e9alisations en d\u00e9coration d&rsquo;int\u00e9rieur<\/a> o\u00f9 chaque projet incarne mon engagement envers la durabilit\u00e9 et le design \u00e9l\u00e9gant. Explorez mon portfolio pour trouver l&rsquo;inspiration pour votre prochain projet et imaginez les possibilit\u00e9s infinies pour cr\u00e9er un int\u00e9rieur qui vous ressemble, tout en r\u00e9duisant l&rsquo;impact environnemental. Contactez-moi pour commencer votre propre voyage vers un int\u00e9rieur \u00e9co-chic.<\/p>\n","protected":false},"excerpt":{"rendered":"<p>Avant \/ apr\u00e8s projet d\u00e9co D\u00e9couvrez mon portfolio de r\u00e9alisations en d\u00e9coration d&rsquo;int\u00e9rieur o\u00f9 chaque projet incarne mon engagement envers la durabilit\u00e9 et le design \u00e9l\u00e9gant. Explorez mon portfolio pour trouver l&rsquo;inspiration pour votre prochain projet et imaginez les possibilit\u00e9s infinies pour cr\u00e9er un int\u00e9rieur qui vous ressemble, tout en r\u00e9duisant l&rsquo;impact environnemental. Contactez-moi pour [&hellip;]<\/p>\n","protected":false},"author":1,"featured_media":0,"parent":0,"menu_order":0,"comment_status":"closed","ping_status":"closed","template":"wp-custom-template-realisations","meta":{"footnotes":""},"class_list":["post-68","page","type-page","status-publish","hentry"],"_links":{"self":[{"href":"https:\/\/www.sophiejelger.fr\/index.php\/wp-json\/wp\/v2\/pages\/68","targetHints":{"allow":["GET"]}}],"collection":[{"href":"https:\/\/www.sophiejelger.fr\/index.php\/wp-json\/wp\/v2\/pages"}],"about":[{"href":"https:\/\/www.sophiejelger.fr\/index.php\/wp-json\/wp\/v2\/types\/page"}],"author":[{"embeddable":true,"href":"https:\/\/www.sophiejelger.fr\/index.php\/wp-json\/wp\/v2\/users\/1"}],"replies":[{"embeddable":true,"href":"https:\/\/www.sophiejelger.fr\/index.php\/wp-json\/wp\/v2\/comments?post=68"}],"version-history":[{"count":2,"href":"https:\/\/www.sophiejelger.fr\/index.php\/wp-json\/wp\/v2\/pages\/68\/revisions"}],"predecessor-version":[{"id":2224,"href":"https:\/\/www.sophiejelger.fr\/index.php\/wp-json\/wp\/v2\/pages\/68\/revisions\/2224"}],"wp:attachment":[{"href":"https:\/\/www.sophiejelger.fr\/index.php\/wp-json\/wp\/v2\/media?parent=68"}],"curies":[{"name":"wp","href":"https:\/\/api.w.org\/{rel}","templated":true}]}}