{"id":1448,"date":"2024-03-30T19:01:22","date_gmt":"2024-03-30T18:01:22","guid":{"rendered":"https:\/\/www.sophiejelger.fr\/?page_id=1448"},"modified":"2025-07-10T16:42:37","modified_gmt":"2025-07-10T14:42:37","slug":"coaching-deco-ecoresponsable","status":"publish","type":"page","link":"https:\/\/www.sophiejelger.fr\/index.php\/coaching-deco-ecoresponsable\/","title":{"rendered":"Coaching D\u00e9co \u00e9co-responsable"},"content":{"rendered":"\n<h2 class=\"wp-block-heading\">Coaching d-\u00e9co-responsable<\/h2>\n\n\n\n<p>D\u00e9couvrez mon service de <a href=\"https:\/\/www.sophiejelger.fr\/index.php\/coaching-deco-ecoresponsable\/\" target=\"_blank\" rel=\"noreferrer noopener\">coaching en d\u00e9coration d&rsquo;int\u00e9rieur durable<\/a> pour les particuliers et les professionnels. Obtenez des conseils sur mesure, des astuces pratiques et un accompagnement expert pour transformer votre espace en un environnement eco-friendly et esth\u00e9tique. Que vous cherchiez \u00e0 repenser votre d\u00e9cor ou \u00e0 adopter des choix plus respectueux de l&rsquo;environnement, contactez-moi !<\/p>\n\n\n\n<p><\/p>\n","protected":false},"excerpt":{"rendered":"<p>Coaching d-\u00e9co-responsable D\u00e9couvrez mon service de coaching en d\u00e9coration d&rsquo;int\u00e9rieur durable pour les particuliers et les professionnels. Obtenez des conseils sur mesure, des astuces pratiques et un accompagnement expert pour transformer votre espace en un environnement eco-friendly et esth\u00e9tique. Que vous cherchiez \u00e0 repenser votre d\u00e9cor ou \u00e0 adopter des choix plus respectueux de l&rsquo;environnement, [&hellip;]<\/p>\n","protected":false},"author":1,"featured_media":0,"parent":0,"menu_order":0,"comment_status":"closed","ping_status":"closed","template":"","meta":{"footnotes":""},"class_list":["post-1448","page","type-page","status-publish","hentry"],"_links":{"self":[{"href":"https:\/\/www.sophiejelger.fr\/index.php\/wp-json\/wp\/v2\/pages\/1448","targetHints":{"allow":["GET"]}}],"collection":[{"href":"https:\/\/www.sophiejelger.fr\/index.php\/wp-json\/wp\/v2\/pages"}],"about":[{"href":"https:\/\/www.sophiejelger.fr\/index.php\/wp-json\/wp\/v2\/types\/page"}],"author":[{"embeddable":true,"href":"https:\/\/www.sophiejelger.fr\/index.php\/wp-json\/wp\/v2\/users\/1"}],"replies":[{"embeddable":true,"href":"https:\/\/www.sophiejelger.fr\/index.php\/wp-json\/wp\/v2\/comments?post=1448"}],"version-history":[{"count":39,"href":"https:\/\/www.sophiejelger.fr\/index.php\/wp-json\/wp\/v2\/pages\/1448\/revisions"}],"predecessor-version":[{"id":2215,"href":"https:\/\/www.sophiejelger.fr\/index.php\/wp-json\/wp\/v2\/pages\/1448\/revisions\/2215"}],"wp:attachment":[{"href":"https:\/\/www.sophiejelger.fr\/index.php\/wp-json\/wp\/v2\/media?parent=1448"}],"curies":[{"name":"wp","href":"https:\/\/api.w.org\/{rel}","templated":true}]}}